{"id":2,"date":"2021-12-29T10:08:41","date_gmt":"2021-12-29T10:08:41","guid":{"rendered":"http:\/\/www.jtylliservice.fi\/?page_id=2"},"modified":"2022-02-11T19:08:07","modified_gmt":"2022-02-11T19:08:07","slug":"sample-page","status":"publish","type":"page","link":"https:\/\/www.jtylliservice.fi\/sv_SE\/","title":{"rendered":"STARTSIDA"},"content":{"rendered":"<h4>V\u00e4lkommen<br \/>\n till J. Tylli Service Ab:s hemsida.<\/h4>\n<h4>F\u00f6retaget grundades 2020 och \u00e4r verksam i Karleby med omnejd.<\/h4>\n<h4>Ring g\u00e4rna f\u00f6r att diskutera el Beg\u00e4r offert!<\/h4>\n<h4>Jesper Tylli, VD t. 045-851 3909 eller skicka e-post till\u00a0 jesper(at)jtylliservice.fi<\/h4>\n<p><strong>P\u00e5litlig Partner medlem<\/strong><\/p>\n","protected":false},"excerpt":{"rendered":"<h4>V\u00e4lkommen till J. Tylli Service Ab:s hemsida.<\/h4>\n<h4>F\u00f6retaget grundades 2020 och \u00e4r verksam i Karleby med omnejd.<\/h4>\n<h4>Ring g\u00e4rna f\u00f6r att diskutera el Beg\u00e4r offert!<\/h4>\n<h4>Jesper Tylli, VD t. 045-851 3909 eller skicka e-post till\u00a0 jesper(at&#8230;<\/p>\n","protected":false},"author":1,"featured_media":0,"parent":0,"menu_order":1,"comment_status":"closed","ping_status":"closed","template":"","meta":{"footnotes":""},"class_list":["post-2","page","type-page","status-publish","hentry","post"],"yoast_head":"<!-- This site is optimized with the Yoast SEO plugin v17.8 - https:\/\/yoast.com\/wordpress\/plugins\/seo\/ -->\n<title>STARTSIDA - J.Tylli Service<\/title>\n<meta name=\"robots\" content=\"index, follow, max-snippet:-1, max-image-preview:large, max-video-preview:-1\" \/>\n<link rel=\"canonical\" href=\"https:\/\/www.jtylliservice.fi\/sv_SE\/\" \/>\n<meta property=\"og:locale\" content=\"en_US\" \/>\n<meta property=\"og:type\" content=\"article\" \/>\n<meta property=\"og:title\" content=\"STARTSIDA - J.Tylli Service\" \/>\n<meta property=\"og:description\" content=\"V\u00e4lkommen till J. Tylli Service Ab:s hemsida.F\u00f6retaget grundades 2020 och \u00e4r verksam i Karleby med omnejd.Ring g\u00e4rna f\u00f6r att diskutera el Beg\u00e4r offert!Jesper Tylli, VD t. 045-851 3909 eller skicka e-post till\u00a0 jesper(at...\" \/>\n<meta property=\"og:url\" content=\"https:\/\/www.jtylliservice.fi\/sv_SE\/\" \/>\n<meta property=\"og:site_name\" content=\"J.Tylli Service\" \/>\n<meta property=\"article:modified_time\" content=\"2022-02-11T19:08:07+00:00\" \/>\n<meta name=\"twitter:card\" content=\"summary_large_image\" \/>\n<meta name=\"twitter:label1\" content=\"Est. reading time\" \/>\n\t<meta name=\"twitter:data1\" content=\"1 minute\" \/>\n<script type=\"application\/ld+json\" class=\"yoast-schema-graph\">{\"@context\":\"https:\/\/schema.org\",\"@graph\":[{\"@type\":\"Organization\",\"@id\":\"https:\/\/www.jtylliservice.fi\/sv_SE\/#organization\",\"name\":\"J. Tylli Service Ab\",\"url\":\"https:\/\/www.jtylliservice.fi\/sv_SE\/\",\"sameAs\":[],\"logo\":{\"@type\":\"ImageObject\",\"@id\":\"https:\/\/www.jtylliservice.fi\/sv_SE\/#logo\",\"inLanguage\":\"en\",\"url\":\"https:\/\/www.jtylliservice.fi\/wp-content\/uploads\/2021\/12\/jtylli_logo_300px.jpg\",\"contentUrl\":\"https:\/\/www.jtylliservice.fi\/wp-content\/uploads\/2021\/12\/jtylli_logo_300px.jpg\",\"width\":300,\"height\":242,\"caption\":\"J. Tylli Service Ab\"},\"image\":{\"@id\":\"https:\/\/www.jtylliservice.fi\/sv_SE\/#logo\"}},{\"@type\":\"WebSite\",\"@id\":\"https:\/\/www.jtylliservice.fi\/sv_SE\/#website\",\"url\":\"https:\/\/www.jtylliservice.fi\/sv_SE\/\",\"name\":\"J.Tylli Service\",\"description\":\"tylliservice.fi\",\"publisher\":{\"@id\":\"https:\/\/www.jtylliservice.fi\/sv_SE\/#organization\"},\"potentialAction\":[{\"@type\":\"SearchAction\",\"target\":{\"@type\":\"EntryPoint\",\"urlTemplate\":\"https:\/\/www.jtylliservice.fi\/sv_SE\/?s={search_term_string}\"},\"query-input\":\"required name=search_term_string\"}],\"inLanguage\":\"en\"},{\"@type\":\"WebPage\",\"@id\":\"https:\/\/www.jtylliservice.fi\/sv_SE\/#webpage\",\"url\":\"https:\/\/www.jtylliservice.fi\/sv_SE\/\",\"name\":\"STARTSIDA - J.Tylli Service\",\"isPartOf\":{\"@id\":\"https:\/\/www.jtylliservice.fi\/sv_SE\/#website\"},\"datePublished\":\"2021-12-29T10:08:41+00:00\",\"dateModified\":\"2022-02-11T19:08:07+00:00\",\"breadcrumb\":{\"@id\":\"https:\/\/www.jtylliservice.fi\/sv_SE\/#breadcrumb\"},\"inLanguage\":\"en\",\"potentialAction\":[{\"@type\":\"ReadAction\",\"target\":[\"https:\/\/www.jtylliservice.fi\/sv_SE\/\"]}]},{\"@type\":\"BreadcrumbList\",\"@id\":\"https:\/\/www.jtylliservice.fi\/sv_SE\/#breadcrumb\",\"itemListElement\":[{\"@type\":\"ListItem\",\"position\":1,\"name\":\"Home\",\"item\":\"https:\/\/www.jtylliservice.fi\/sv_SE\/\"},{\"@type\":\"ListItem\",\"position\":2,\"name\":\"STARTSIDA\"}]}]}<\/script>\n<!-- \/ Yoast SEO plugin. -->","yoast_head_json":{"title":"STARTSIDA - J.Tylli Service","robots":{"index":"index","follow":"follow","max-snippet":"max-snippet:-1","max-image-preview":"max-image-preview:large","max-video-preview":"max-video-preview:-1"},"canonical":"https:\/\/www.jtylliservice.fi\/sv_SE\/","og_locale":"en_US","og_type":"article","og_title":"STARTSIDA - J.Tylli Service","og_description":"V\u00e4lkommen till J. Tylli Service Ab:s hemsida.F\u00f6retaget grundades 2020 och \u00e4r verksam i Karleby med omnejd.Ring g\u00e4rna f\u00f6r att diskutera el Beg\u00e4r offert!Jesper Tylli, VD t. 045-851 3909 eller skicka e-post till\u00a0 jesper(at...","og_url":"https:\/\/www.jtylliservice.fi\/sv_SE\/","og_site_name":"J.Tylli Service","article_modified_time":"2022-02-11T19:08:07+00:00","twitter_card":"summary_large_image","twitter_misc":{"Est. reading time":"1 minute"},"schema":{"@context":"https:\/\/schema.org","@graph":[{"@type":"Organization","@id":"https:\/\/www.jtylliservice.fi\/sv_SE\/#organization","name":"J. Tylli Service Ab","url":"https:\/\/www.jtylliservice.fi\/sv_SE\/","sameAs":[],"logo":{"@type":"ImageObject","@id":"https:\/\/www.jtylliservice.fi\/sv_SE\/#logo","inLanguage":"en","url":"https:\/\/www.jtylliservice.fi\/wp-content\/uploads\/2021\/12\/jtylli_logo_300px.jpg","contentUrl":"https:\/\/www.jtylliservice.fi\/wp-content\/uploads\/2021\/12\/jtylli_logo_300px.jpg","width":300,"height":242,"caption":"J. Tylli Service Ab"},"image":{"@id":"https:\/\/www.jtylliservice.fi\/sv_SE\/#logo"}},{"@type":"WebSite","@id":"https:\/\/www.jtylliservice.fi\/sv_SE\/#website","url":"https:\/\/www.jtylliservice.fi\/sv_SE\/","name":"J.Tylli Service","description":"tylliservice.fi","publisher":{"@id":"https:\/\/www.jtylliservice.fi\/sv_SE\/#organization"},"potentialAction":[{"@type":"SearchAction","target":{"@type":"EntryPoint","urlTemplate":"https:\/\/www.jtylliservice.fi\/sv_SE\/?s={search_term_string}"},"query-input":"required name=search_term_string"}],"inLanguage":"en"},{"@type":"WebPage","@id":"https:\/\/www.jtylliservice.fi\/sv_SE\/#webpage","url":"https:\/\/www.jtylliservice.fi\/sv_SE\/","name":"STARTSIDA - J.Tylli Service","isPartOf":{"@id":"https:\/\/www.jtylliservice.fi\/sv_SE\/#website"},"datePublished":"2021-12-29T10:08:41+00:00","dateModified":"2022-02-11T19:08:07+00:00","breadcrumb":{"@id":"https:\/\/www.jtylliservice.fi\/sv_SE\/#breadcrumb"},"inLanguage":"en","potentialAction":[{"@type":"ReadAction","target":["https:\/\/www.jtylliservice.fi\/sv_SE\/"]}]},{"@type":"BreadcrumbList","@id":"https:\/\/www.jtylliservice.fi\/sv_SE\/#breadcrumb","itemListElement":[{"@type":"ListItem","position":1,"name":"Home","item":"https:\/\/www.jtylliservice.fi\/sv_SE\/"},{"@type":"ListItem","position":2,"name":"STARTSIDA"}]}]}},"_links":{"self":[{"href":"https:\/\/www.jtylliservice.fi\/sv_SE\/wp-json\/wp\/v2\/pages\/2","targetHints":{"allow":["GET"]}}],"collection":[{"href":"https:\/\/www.jtylliservice.fi\/sv_SE\/wp-json\/wp\/v2\/pages"}],"about":[{"href":"https:\/\/www.jtylliservice.fi\/sv_SE\/wp-json\/wp\/v2\/types\/page"}],"author":[{"embeddable":true,"href":"https:\/\/www.jtylliservice.fi\/sv_SE\/wp-json\/wp\/v2\/users\/1"}],"replies":[{"embeddable":true,"href":"https:\/\/www.jtylliservice.fi\/sv_SE\/wp-json\/wp\/v2\/comments?post=2"}],"version-history":[{"count":27,"href":"https:\/\/www.jtylliservice.fi\/sv_SE\/wp-json\/wp\/v2\/pages\/2\/revisions"}],"predecessor-version":[{"id":115,"href":"https:\/\/www.jtylliservice.fi\/sv_SE\/wp-json\/wp\/v2\/pages\/2\/revisions\/115"}],"wp:attachment":[{"href":"https:\/\/www.jtylliservice.fi\/sv_SE\/wp-json\/wp\/v2\/media?parent=2"}],"curies":[{"name":"wp","href":"https:\/\/api.w.org\/{rel}","templated":true}]}}