{"id":47,"date":"2021-12-29T11:27:52","date_gmt":"2021-12-29T11:27:52","guid":{"rendered":"https:\/\/www.jtylliservice.fi\/?page_id=47"},"modified":"2024-01-01T11:00:11","modified_gmt":"2024-01-01T11:00:11","slug":"tjanster","status":"publish","type":"page","link":"https:\/\/www.jtylliservice.fi\/sv_SE\/tjanster\/","title":{"rendered":"TJ\u00c4NSTER"},"content":{"rendered":"<ul>\n<li\n style=\"list-style-type: none;\">\n<ul>\n<li>\n<h4>gr\u00e4sklippning o fastighetssk\u00f6tsel<\/h4>\n<\/li>\n<li>\n<h4>gr\u00e4vmaskinsarbete<\/h4>\n<\/li>\n<li>\n<h4>hjullastartj\u00e4nster<\/h4>\n<\/li>\n<li>\n<h4>flyttningsarbete o transporttj\u00e4nster<\/h4>\n<\/li>\n<li>\n<h4>plogning o sandning, borstning och lyft arbeten<\/h4>\n<\/li>\n<li>\n<h4>uthyrning av arbetskraft<\/h4>\n<\/li>\n<\/ul>\n<\/li>\n<\/ul>\n<p>Hush\u00e5llsavdrag m\u00f6jligt att erh\u00e5lla f\u00f6r v\u00e5ra tj\u00e4nster.<\/p>\n","protected":false},"excerpt":{"rendered":"<ul>\n<li style=\"list-style-type: none;\">\n<ul>\n<li>\n<h4>gr\u00e4sklippning o fastighetssk\u00f6tsel<\/h4>\n<\/li>\n<li>\n<h4>gr\u00e4vmaskinsarbete<\/h4>\n<\/li>\n<li>\n<h4>hjullastartj\u00e4nster<\/h4>\n<\/li>\n<li>\n<h4>flyttningsarbete o transporttj\u00e4nster<\/h4>\n<\/li>\n<li>\n<h4>plogning o sandning, bo&#8230;<\/p>\n","protected":false},"author":1,"featured_media":0,"parent":0,"menu_order":2,"comment_status":"closed","ping_status":"closed","template":"","meta":{"footnotes":""},"class_list":["post-47","page","type-page","status-publish","hentry","post"],"yoast_head":"<!-- This site is optimized with the Yoast SEO plugin v17.8 - https:\/\/yoast.com\/wordpress\/plugins\/seo\/ -->\n<title>TJ\u00c4NSTER - J.Tylli Service<\/title>\n<meta name=\"robots\" content=\"index, follow, max-snippet:-1, max-image-preview:large, max-video-preview:-1\" \/>\n<link rel=\"canonical\" href=\"https:\/\/www.jtylliservice.fi\/sv_SE\/tjanster\/\" \/>\n<meta property=\"og:locale\" content=\"en_US\" \/>\n<meta property=\"og:type\" content=\"article\" \/>\n<meta property=\"og:title\" content=\"TJ\u00c4NSTER - J.Tylli Service\" \/>\n<meta property=\"og:description\" content=\"gr\u00e4sklippning o fastighetssk\u00f6tselgr\u00e4vmaskinsarbetehjullastartj\u00e4nsterflyttningsarbete o transporttj\u00e4nsterplogning o sandning, bo...\" \/>\n<meta property=\"og:url\" content=\"https:\/\/www.jtylliservice.fi\/sv_SE\/tjanster\/\" \/>\n<meta property=\"og:site_name\" content=\"J.Tylli Service\" \/>\n<meta property=\"article:modified_time\" content=\"2024-01-01T11:00:11+00:00\" \/>\n<meta name=\"twitter:card\" content=\"summary_large_image\" \/>\n<script type=\"application\/ld+json\" class=\"yoast-schema-graph\">{\"@context\":\"https:\/\/schema.org\",\"@graph\":[{\"@type\":\"Organization\",\"@id\":\"https:\/\/www.jtylliservice.fi\/sv_SE\/#organization\",\"name\":\"J. Tylli Service Ab\",\"url\":\"https:\/\/www.jtylliservice.fi\/sv_SE\/\",\"sameAs\":[],\"logo\":{\"@type\":\"ImageObject\",\"@id\":\"https:\/\/www.jtylliservice.fi\/sv_SE\/#logo\",\"inLanguage\":\"en\",\"url\":\"https:\/\/www.jtylliservice.fi\/wp-content\/uploads\/2021\/12\/jtylli_logo_300px.jpg\",\"contentUrl\":\"https:\/\/www.jtylliservice.fi\/wp-content\/uploads\/2021\/12\/jtylli_logo_300px.jpg\",\"width\":300,\"height\":242,\"caption\":\"J. Tylli Service Ab\"},\"image\":{\"@id\":\"https:\/\/www.jtylliservice.fi\/sv_SE\/#logo\"}},{\"@type\":\"WebSite\",\"@id\":\"https:\/\/www.jtylliservice.fi\/sv_SE\/#website\",\"url\":\"https:\/\/www.jtylliservice.fi\/sv_SE\/\",\"name\":\"J.Tylli Service\",\"description\":\"tylliservice.fi\",\"publisher\":{\"@id\":\"https:\/\/www.jtylliservice.fi\/sv_SE\/#organization\"},\"potentialAction\":[{\"@type\":\"SearchAction\",\"target\":{\"@type\":\"EntryPoint\",\"urlTemplate\":\"https:\/\/www.jtylliservice.fi\/sv_SE\/?s={search_term_string}\"},\"query-input\":\"required name=search_term_string\"}],\"inLanguage\":\"en\"},{\"@type\":\"WebPage\",\"@id\":\"https:\/\/www.jtylliservice.fi\/sv_SE\/tjanster\/#webpage\",\"url\":\"https:\/\/www.jtylliservice.fi\/sv_SE\/tjanster\/\",\"name\":\"TJ\\u00c4NSTER - J.Tylli Service\",\"isPartOf\":{\"@id\":\"https:\/\/www.jtylliservice.fi\/sv_SE\/#website\"},\"datePublished\":\"2021-12-29T11:27:52+00:00\",\"dateModified\":\"2024-01-01T11:00:11+00:00\",\"breadcrumb\":{\"@id\":\"https:\/\/www.jtylliservice.fi\/sv_SE\/tjanster\/#breadcrumb\"},\"inLanguage\":\"en\",\"potentialAction\":[{\"@type\":\"ReadAction\",\"target\":[\"https:\/\/www.jtylliservice.fi\/sv_SE\/tjanster\/\"]}]},{\"@type\":\"BreadcrumbList\",\"@id\":\"https:\/\/www.jtylliservice.fi\/sv_SE\/tjanster\/#breadcrumb\",\"itemListElement\":[{\"@type\":\"ListItem\",\"position\":1,\"name\":\"Home\",\"item\":\"https:\/\/www.jtylliservice.fi\/sv_SE\/\"},{\"@type\":\"ListItem\",\"position\":2,\"name\":\"TJ\\u00c4NSTER\"}]}]}<\/script>\n<!-- \/ Yoast SEO plugin. -->","yoast_head_json":{"title":"TJ\u00c4NSTER - J.Tylli Service","robots":{"index":"index","follow":"follow","max-snippet":"max-snippet:-1","max-image-preview":"max-image-preview:large","max-video-preview":"max-video-preview:-1"},"canonical":"https:\/\/www.jtylliservice.fi\/sv_SE\/tjanster\/","og_locale":"en_US","og_type":"article","og_title":"TJ\u00c4NSTER - J.Tylli Service","og_description":"gr\u00e4sklippning o fastighetssk\u00f6tselgr\u00e4vmaskinsarbetehjullastartj\u00e4nsterflyttningsarbete o transporttj\u00e4nsterplogning o sandning, bo...","og_url":"https:\/\/www.jtylliservice.fi\/sv_SE\/tjanster\/","og_site_name":"J.Tylli Service","article_modified_time":"2024-01-01T11:00:11+00:00","twitter_card":"summary_large_image","schema":{"@context":"https:\/\/schema.org","@graph":[{"@type":"Organization","@id":"https:\/\/www.jtylliservice.fi\/sv_SE\/#organization","name":"J. Tylli Service Ab","url":"https:\/\/www.jtylliservice.fi\/sv_SE\/","sameAs":[],"logo":{"@type":"ImageObject","@id":"https:\/\/www.jtylliservice.fi\/sv_SE\/#logo","inLanguage":"en","url":"https:\/\/www.jtylliservice.fi\/wp-content\/uploads\/2021\/12\/jtylli_logo_300px.jpg","contentUrl":"https:\/\/www.jtylliservice.fi\/wp-content\/uploads\/2021\/12\/jtylli_logo_300px.jpg","width":300,"height":242,"caption":"J. Tylli Service Ab"},"image":{"@id":"https:\/\/www.jtylliservice.fi\/sv_SE\/#logo"}},{"@type":"WebSite","@id":"https:\/\/www.jtylliservice.fi\/sv_SE\/#website","url":"https:\/\/www.jtylliservice.fi\/sv_SE\/","name":"J.Tylli Service","description":"tylliservice.fi","publisher":{"@id":"https:\/\/www.jtylliservice.fi\/sv_SE\/#organization"},"potentialAction":[{"@type":"SearchAction","target":{"@type":"EntryPoint","urlTemplate":"https:\/\/www.jtylliservice.fi\/sv_SE\/?s={search_term_string}"},"query-input":"required name=search_term_string"}],"inLanguage":"en"},{"@type":"WebPage","@id":"https:\/\/www.jtylliservice.fi\/sv_SE\/tjanster\/#webpage","url":"https:\/\/www.jtylliservice.fi\/sv_SE\/tjanster\/","name":"TJ\u00c4NSTER - J.Tylli Service","isPartOf":{"@id":"https:\/\/www.jtylliservice.fi\/sv_SE\/#website"},"datePublished":"2021-12-29T11:27:52+00:00","dateModified":"2024-01-01T11:00:11+00:00","breadcrumb":{"@id":"https:\/\/www.jtylliservice.fi\/sv_SE\/tjanster\/#breadcrumb"},"inLanguage":"en","potentialAction":[{"@type":"ReadAction","target":["https:\/\/www.jtylliservice.fi\/sv_SE\/tjanster\/"]}]},{"@type":"BreadcrumbList","@id":"https:\/\/www.jtylliservice.fi\/sv_SE\/tjanster\/#breadcrumb","itemListElement":[{"@type":"ListItem","position":1,"name":"Home","item":"https:\/\/www.jtylliservice.fi\/sv_SE\/"},{"@type":"ListItem","position":2,"name":"TJ\u00c4NSTER"}]}]}},"_links":{"self":[{"href":"https:\/\/www.jtylliservice.fi\/sv_SE\/wp-json\/wp\/v2\/pages\/47","targetHints":{"allow":["GET"]}}],"collection":[{"href":"https:\/\/www.jtylliservice.fi\/sv_SE\/wp-json\/wp\/v2\/pages"}],"about":[{"href":"https:\/\/www.jtylliservice.fi\/sv_SE\/wp-json\/wp\/v2\/types\/page"}],"author":[{"embeddable":true,"href":"https:\/\/www.jtylliservice.fi\/sv_SE\/wp-json\/wp\/v2\/users\/1"}],"replies":[{"embeddable":true,"href":"https:\/\/www.jtylliservice.fi\/sv_SE\/wp-json\/wp\/v2\/comments?post=47"}],"version-history":[{"count":27,"href":"https:\/\/www.jtylliservice.fi\/sv_SE\/wp-json\/wp\/v2\/pages\/47\/revisions"}],"predecessor-version":[{"id":136,"href":"https:\/\/www.jtylliservice.fi\/sv_SE\/wp-json\/wp\/v2\/pages\/47\/revisions\/136"}],"wp:attachment":[{"href":"https:\/\/www.jtylliservice.fi\/sv_SE\/wp-json\/wp\/v2\/media?parent=47"}],"curies":[{"name":"wp","href":"https:\/\/api.w.org\/{rel}","templated":true}]}}